{"id":1353,"date":"2017-05-14T18:16:55","date_gmt":"2017-05-14T18:16:55","guid":{"rendered":"http:\/\/pietromari.com\/chi-sono\/"},"modified":"2018-09-24T11:12:49","modified_gmt":"2018-09-24T09:12:49","slug":"chi-sono","status":"publish","type":"page","link":"https:\/\/pietromari.com\/fr\/chi-sono\/","title":{"rendered":"Qui suis-je?"},"content":{"rendered":"<div class=\"row\">\n<div class=\"col-lg-12\">\n<p style=\"text-align: justify;\">L\u2019image est celle d\u2019un enfant de huit ans, qui, apr\u00e8s avoir insist\u00e9 pour faire du patin \u00e0 roulettes sur les pav\u00e9s, s\u2019assied sur les marches d\u2019une fontaine du XIX<sup>e<\/sup>, tout en sueur, les jambes tremblantes. La lumi\u00e8re de juin irradie le d\u00e9but d\u2019apr\u00e8s-midi et de petites gouttes d\u2019eau n\u00e9bulis\u00e9es par l\u2019impact de la chute lui rafraichissent la nuque. Les yeux lev\u00e9s au ciel, les coudes appuy\u00e9s derri\u00e8re le dos, il imagine un univers concentrique qu\u2019il parcourt mentalement\/imaginant un univers concentrique, il le parcourt mentalement. Cent m\u00e8tre plus haut il pense \u00e0 la sph\u00e8re o\u00f9 volent les hirondelles, mille m\u00e8tres plus haut, \u00e0 la sph\u00e8re des nuages\u00a0: il recoupe l\u2019orbite lunaire et mentalement celle des autres plan\u00e8tes qui lui sont famili\u00e8res. Avec hardiesse il va au-del\u00e0 du syst\u00e8me solaire et pense \u00e0 ce monde obscur de petites lumi\u00e8res infinies, un au-del\u00e0 sans solution. Face \u00e0 cette id\u00e9e qui, imp\u00e9rative, se r\u00e9p\u00e8te, un infini qui ne finit jamais, son syst\u00e8me nerveux central se bloque. Il ne la contient pas. L\u2019angoisse se mat\u00e9rialise.<\/p>\n<p>&nbsp;<\/p>\n<div class=\"indirizzomail\">\n<p style=\"text-align: center;\"><a href=\"mailto:pietromari.1@gmail.com\">pietromari.1@gmail.com<\/a><\/p>\n\n<\/div>\n<\/div>\n<\/div>\n","protected":false},"excerpt":{"rendered":"","protected":false},"author":1,"featured_media":0,"parent":0,"menu_order":0,"comment_status":"closed","ping_status":"closed","template":"","meta":{"spay_email":""},"jetpack_sharing_enabled":true,"jetpack_shortlink":"https:\/\/wp.me\/P9Vutt-lP","_links":{"self":[{"href":"https:\/\/pietromari.com\/fr\/wp-json\/wp\/v2\/pages\/1353"}],"collection":[{"href":"https:\/\/pietromari.com\/fr\/wp-json\/wp\/v2\/pages"}],"about":[{"href":"https:\/\/pietromari.com\/fr\/wp-json\/wp\/v2\/types\/page"}],"author":[{"embeddable":true,"href":"https:\/\/pietromari.com\/fr\/wp-json\/wp\/v2\/users\/1"}],"replies":[{"embeddable":true,"href":"https:\/\/pietromari.com\/fr\/wp-json\/wp\/v2\/comments?post=1353"}],"version-history":[{"count":3,"href":"https:\/\/pietromari.com\/fr\/wp-json\/wp\/v2\/pages\/1353\/revisions"}],"predecessor-version":[{"id":1356,"href":"https:\/\/pietromari.com\/fr\/wp-json\/wp\/v2\/pages\/1353\/revisions\/1356"}],"wp:attachment":[{"href":"https:\/\/pietromari.com\/fr\/wp-json\/wp\/v2\/media?parent=1353"}],"curies":[{"name":"wp","href":"https:\/\/api.w.org\/{rel}","templated":true}]}}